{"id":215,"date":"2025-04-21T19:14:52","date_gmt":"2025-04-21T19:14:52","guid":{"rendered":"https:\/\/viiviselin.fi\/?page_id=215"},"modified":"2025-05-20T08:29:38","modified_gmt":"2025-05-20T08:29:38","slug":"ota-yhteytta","status":"publish","type":"page","link":"https:\/\/viiviselin.fi\/index.php\/ota-yhteytta\/","title":{"rendered":"Ota yhteytt\u00e4"},"content":{"rendered":"\n<div class=\"wp-block-media-text is-stacked-on-mobile\" style=\"border-style:none;border-width:0px;grid-template-columns:19% auto\"><figure class=\"wp-block-media-text__media\"><img loading=\"lazy\" decoding=\"async\" width=\"677\" height=\"1024\" src=\"https:\/\/viiviselin.fi\/wp-content\/uploads\/2025\/04\/viivi-s_potretti-677x1024.jpg\" alt=\"Viivi Selin henkil\u00f6kuva.\" class=\"wp-image-106 size-full\" srcset=\"https:\/\/viiviselin.fi\/wp-content\/uploads\/2025\/04\/viivi-s_potretti-677x1024.jpg 677w, https:\/\/viiviselin.fi\/wp-content\/uploads\/2025\/04\/viivi-s_potretti-198x300.jpg 198w, https:\/\/viiviselin.fi\/wp-content\/uploads\/2025\/04\/viivi-s_potretti-768x1161.jpg 768w, https:\/\/viiviselin.fi\/wp-content\/uploads\/2025\/04\/viivi-s_potretti-1016x1536.jpg 1016w, https:\/\/viiviselin.fi\/wp-content\/uploads\/2025\/04\/viivi-s_potretti-1355x2048.jpg 1355w, https:\/\/viiviselin.fi\/wp-content\/uploads\/2025\/04\/viivi-s_potretti-scaled.jpg 1693w\" sizes=\"auto, (max-width: 677px) 100vw, 677px\" \/><\/figure><div class=\"wp-block-media-text__content\">\n<p><\/p>\n\n\n\n<p class=\"has-custom-tumma-harmaa-color has-text-color has-link-color wp-elements-c11ce43ac17f33bb6990b9d01053a5a9\"><strong>Sopisinko tiimiisi? Haluaisitko kutsua minut haastatteluun?<br><\/strong><br>Ota rohkeasti yhteytt\u00e4:<br>viivi.mirjam(a)gmail.com<br><br>Ensisijaisesti etsin osa- tai kokoaikaista palkkaty\u00f6t\u00e4. <br>Asun Tampereella ja olen kiinnostunut ty\u00f6st\u00e4, jota toteutetaan Pirkanmaan alueella tai p\u00e4\u00e4s\u00e4\u00e4nt\u00f6isesti et\u00e4ty\u00f6n\u00e4.<\/p>\n<\/div><\/div>\n\n\n\n<p class=\"has-custom-tumma-harmaa-color has-text-color has-link-color has-superbfont-tiny-font-size wp-elements-dcf6f699400ca41d69b7d3136ddcc84c\"><\/p>\n\n\n\n<div class=\"wp-block-columns is-layout-flex wp-container-core-columns-is-layout-28f84493 wp-block-columns-is-layout-flex\">\n<div class=\"wp-block-column is-layout-flow wp-block-column-is-layout-flow\">\n<p class=\"has-custom-tumma-harmaa-color has-text-color has-link-color has-superbfont-tiny-font-size wp-elements-f292f371623437e364faace1488099cf\">Pieni printti: <br>T\u00e4ss\u00e4 vaiheessa el\u00e4m\u00e4\u00e4 en ole kiinnostunut verkostomarkkinoinnista tai muista pyramidihuijauksista. En my\u00f6sk\u00e4\u00e4n halua myyd\u00e4 ihmisille tarpeetonta roinaa tai kehnoja palveluita. Jos ty\u00f6t\u00e4 selitet\u00e4\u00e4n lauseella \u201ct\u00e4m\u00e4 on ihan laillista\u201d, se tuskin sopii arvoihini. Kiitos, kun otat yhteytt\u00e4 vain tositarkoituksella!<\/p>\n<\/div>\n\n\n\n<div class=\"wp-block-column is-layout-flow wp-block-column-is-layout-flow\"><\/div>\n<\/div>\n\n\n\n<p><\/p>\n","protected":false},"excerpt":{"rendered":"<p>Sopisinko tiimiisi? Haluaisitko kutsua minut haastatteluun?Ota rohkeasti yhteytt\u00e4:viivi.mirjam(a)gmail.com Ensisijaisesti etsin osa- tai kokoaikaista palkkaty\u00f6t\u00e4. Asun Tampereella ja olen kiinnostunut ty\u00f6st\u00e4, jota toteutetaan Pirkanmaan alueella tai p\u00e4\u00e4s\u00e4\u00e4nt\u00f6isesti et\u00e4ty\u00f6n\u00e4. Pieni printti: T\u00e4ss\u00e4 vaiheessa el\u00e4m\u00e4\u00e4 en ole kiinnostunut verkostomarkkinoinnista tai muista pyramidihuijauksista. En my\u00f6sk\u00e4\u00e4n halua myyd\u00e4 ihmisille tarpeetonta roinaa tai kehnoja palveluita. Jos ty\u00f6t\u00e4 selitet\u00e4\u00e4n lauseella \u201ct\u00e4m\u00e4 on [&hellip;]<\/p>\n","protected":false},"author":1,"featured_media":0,"parent":0,"menu_order":0,"comment_status":"closed","ping_status":"closed","template":"","meta":{"footnotes":""},"class_list":["post-215","page","type-page","status-publish","hentry"],"yoast_head":"<!-- This site is optimized with the Yoast SEO plugin v26.8 - https:\/\/yoast.com\/product\/yoast-seo-wordpress\/ -->\n<title>Ota yhteytt\u00e4 - Viivi Selinin verkkoportfolio<\/title>\n<meta name=\"robots\" content=\"index, follow, max-snippet:-1, max-image-preview:large, max-video-preview:-1\" \/>\n<link rel=\"canonical\" href=\"https:\/\/viiviselin.fi\/index.php\/ota-yhteytta\/\" \/>\n<meta property=\"og:locale\" content=\"en_GB\" \/>\n<meta property=\"og:type\" content=\"article\" \/>\n<meta property=\"og:title\" content=\"Ota yhteytt\u00e4 - Viivi Selinin verkkoportfolio\" \/>\n<meta property=\"og:description\" content=\"Sopisinko tiimiisi? Haluaisitko kutsua minut haastatteluun?Ota rohkeasti yhteytt\u00e4:viivi.mirjam(a)gmail.com Ensisijaisesti etsin osa- tai kokoaikaista palkkaty\u00f6t\u00e4. Asun Tampereella ja olen kiinnostunut ty\u00f6st\u00e4, jota toteutetaan Pirkanmaan alueella tai p\u00e4\u00e4s\u00e4\u00e4nt\u00f6isesti et\u00e4ty\u00f6n\u00e4. Pieni printti: T\u00e4ss\u00e4 vaiheessa el\u00e4m\u00e4\u00e4 en ole kiinnostunut verkostomarkkinoinnista tai muista pyramidihuijauksista. En my\u00f6sk\u00e4\u00e4n halua myyd\u00e4 ihmisille tarpeetonta roinaa tai kehnoja palveluita. Jos ty\u00f6t\u00e4 selitet\u00e4\u00e4n lauseella \u201ct\u00e4m\u00e4 on [&hellip;]\" \/>\n<meta property=\"og:url\" content=\"https:\/\/viiviselin.fi\/index.php\/ota-yhteytta\/\" \/>\n<meta property=\"og:site_name\" content=\"Viivi Selinin verkkoportfolio\" \/>\n<meta property=\"article:modified_time\" content=\"2025-05-20T08:29:38+00:00\" \/>\n<meta property=\"og:image\" content=\"https:\/\/viiviselin.fi\/wp-content\/uploads\/2025\/04\/viivi-s_potretti-scaled.jpg\" \/>\n\t<meta property=\"og:image:width\" content=\"1693\" \/>\n\t<meta property=\"og:image:height\" content=\"2560\" \/>\n\t<meta property=\"og:image:type\" content=\"image\/jpeg\" \/>\n<meta name=\"twitter:card\" content=\"summary_large_image\" \/>\n<meta name=\"twitter:label1\" content=\"Estimated reading time\" \/>\n\t<meta name=\"twitter:data1\" content=\"1 minute\" \/>\n<script type=\"application\/ld+json\" class=\"yoast-schema-graph\">{\"@context\":\"https:\/\/schema.org\",\"@graph\":[{\"@type\":\"WebPage\",\"@id\":\"https:\/\/viiviselin.fi\/index.php\/ota-yhteytta\/\",\"url\":\"https:\/\/viiviselin.fi\/index.php\/ota-yhteytta\/\",\"name\":\"Ota yhteytt\u00e4 - Viivi Selinin verkkoportfolio\",\"isPartOf\":{\"@id\":\"https:\/\/viiviselin.fi\/#website\"},\"primaryImageOfPage\":{\"@id\":\"https:\/\/viiviselin.fi\/index.php\/ota-yhteytta\/#primaryimage\"},\"image\":{\"@id\":\"https:\/\/viiviselin.fi\/index.php\/ota-yhteytta\/#primaryimage\"},\"thumbnailUrl\":\"https:\/\/viiviselin.fi\/wp-content\/uploads\/2025\/04\/viivi-s_potretti-677x1024.jpg\",\"datePublished\":\"2025-04-21T19:14:52+00:00\",\"dateModified\":\"2025-05-20T08:29:38+00:00\",\"breadcrumb\":{\"@id\":\"https:\/\/viiviselin.fi\/index.php\/ota-yhteytta\/#breadcrumb\"},\"inLanguage\":\"en-GB\",\"potentialAction\":[{\"@type\":\"ReadAction\",\"target\":[\"https:\/\/viiviselin.fi\/index.php\/ota-yhteytta\/\"]}]},{\"@type\":\"ImageObject\",\"inLanguage\":\"en-GB\",\"@id\":\"https:\/\/viiviselin.fi\/index.php\/ota-yhteytta\/#primaryimage\",\"url\":\"https:\/\/viiviselin.fi\/wp-content\/uploads\/2025\/04\/viivi-s_potretti-scaled.jpg\",\"contentUrl\":\"https:\/\/viiviselin.fi\/wp-content\/uploads\/2025\/04\/viivi-s_potretti-scaled.jpg\",\"width\":1693,\"height\":2560,\"caption\":\"Viivi Selin henkil\u00f6kuva.\"},{\"@type\":\"BreadcrumbList\",\"@id\":\"https:\/\/viiviselin.fi\/index.php\/ota-yhteytta\/#breadcrumb\",\"itemListElement\":[{\"@type\":\"ListItem\",\"position\":1,\"name\":\"Etusivu\",\"item\":\"https:\/\/viiviselin.fi\/\"},{\"@type\":\"ListItem\",\"position\":2,\"name\":\"Ota yhteytt\u00e4\"}]},{\"@type\":\"WebSite\",\"@id\":\"https:\/\/viiviselin.fi\/#website\",\"url\":\"https:\/\/viiviselin.fi\/\",\"name\":\"Viivi Selinin verkkoportfolio\",\"description\":\"\",\"potentialAction\":[{\"@type\":\"SearchAction\",\"target\":{\"@type\":\"EntryPoint\",\"urlTemplate\":\"https:\/\/viiviselin.fi\/?s={search_term_string}\"},\"query-input\":{\"@type\":\"PropertyValueSpecification\",\"valueRequired\":true,\"valueName\":\"search_term_string\"}}],\"inLanguage\":\"en-GB\"}]}<\/script>\n<!-- \/ Yoast SEO plugin. -->","yoast_head_json":{"title":"Ota yhteytt\u00e4 - Viivi Selinin verkkoportfolio","robots":{"index":"index","follow":"follow","max-snippet":"max-snippet:-1","max-image-preview":"max-image-preview:large","max-video-preview":"max-video-preview:-1"},"canonical":"https:\/\/viiviselin.fi\/index.php\/ota-yhteytta\/","og_locale":"en_GB","og_type":"article","og_title":"Ota yhteytt\u00e4 - Viivi Selinin verkkoportfolio","og_description":"Sopisinko tiimiisi? Haluaisitko kutsua minut haastatteluun?Ota rohkeasti yhteytt\u00e4:viivi.mirjam(a)gmail.com Ensisijaisesti etsin osa- tai kokoaikaista palkkaty\u00f6t\u00e4. Asun Tampereella ja olen kiinnostunut ty\u00f6st\u00e4, jota toteutetaan Pirkanmaan alueella tai p\u00e4\u00e4s\u00e4\u00e4nt\u00f6isesti et\u00e4ty\u00f6n\u00e4. Pieni printti: T\u00e4ss\u00e4 vaiheessa el\u00e4m\u00e4\u00e4 en ole kiinnostunut verkostomarkkinoinnista tai muista pyramidihuijauksista. En my\u00f6sk\u00e4\u00e4n halua myyd\u00e4 ihmisille tarpeetonta roinaa tai kehnoja palveluita. Jos ty\u00f6t\u00e4 selitet\u00e4\u00e4n lauseella \u201ct\u00e4m\u00e4 on [&hellip;]","og_url":"https:\/\/viiviselin.fi\/index.php\/ota-yhteytta\/","og_site_name":"Viivi Selinin verkkoportfolio","article_modified_time":"2025-05-20T08:29:38+00:00","og_image":[{"width":1693,"height":2560,"url":"https:\/\/viiviselin.fi\/wp-content\/uploads\/2025\/04\/viivi-s_potretti-scaled.jpg","type":"image\/jpeg"}],"twitter_card":"summary_large_image","twitter_misc":{"Estimated reading time":"1 minute"},"schema":{"@context":"https:\/\/schema.org","@graph":[{"@type":"WebPage","@id":"https:\/\/viiviselin.fi\/index.php\/ota-yhteytta\/","url":"https:\/\/viiviselin.fi\/index.php\/ota-yhteytta\/","name":"Ota yhteytt\u00e4 - Viivi Selinin verkkoportfolio","isPartOf":{"@id":"https:\/\/viiviselin.fi\/#website"},"primaryImageOfPage":{"@id":"https:\/\/viiviselin.fi\/index.php\/ota-yhteytta\/#primaryimage"},"image":{"@id":"https:\/\/viiviselin.fi\/index.php\/ota-yhteytta\/#primaryimage"},"thumbnailUrl":"https:\/\/viiviselin.fi\/wp-content\/uploads\/2025\/04\/viivi-s_potretti-677x1024.jpg","datePublished":"2025-04-21T19:14:52+00:00","dateModified":"2025-05-20T08:29:38+00:00","breadcrumb":{"@id":"https:\/\/viiviselin.fi\/index.php\/ota-yhteytta\/#breadcrumb"},"inLanguage":"en-GB","potentialAction":[{"@type":"ReadAction","target":["https:\/\/viiviselin.fi\/index.php\/ota-yhteytta\/"]}]},{"@type":"ImageObject","inLanguage":"en-GB","@id":"https:\/\/viiviselin.fi\/index.php\/ota-yhteytta\/#primaryimage","url":"https:\/\/viiviselin.fi\/wp-content\/uploads\/2025\/04\/viivi-s_potretti-scaled.jpg","contentUrl":"https:\/\/viiviselin.fi\/wp-content\/uploads\/2025\/04\/viivi-s_potretti-scaled.jpg","width":1693,"height":2560,"caption":"Viivi Selin henkil\u00f6kuva."},{"@type":"BreadcrumbList","@id":"https:\/\/viiviselin.fi\/index.php\/ota-yhteytta\/#breadcrumb","itemListElement":[{"@type":"ListItem","position":1,"name":"Etusivu","item":"https:\/\/viiviselin.fi\/"},{"@type":"ListItem","position":2,"name":"Ota yhteytt\u00e4"}]},{"@type":"WebSite","@id":"https:\/\/viiviselin.fi\/#website","url":"https:\/\/viiviselin.fi\/","name":"Viivi Selinin verkkoportfolio","description":"","potentialAction":[{"@type":"SearchAction","target":{"@type":"EntryPoint","urlTemplate":"https:\/\/viiviselin.fi\/?s={search_term_string}"},"query-input":{"@type":"PropertyValueSpecification","valueRequired":true,"valueName":"search_term_string"}}],"inLanguage":"en-GB"}]}},"_links":{"self":[{"href":"https:\/\/viiviselin.fi\/index.php\/wp-json\/wp\/v2\/pages\/215","targetHints":{"allow":["GET"]}}],"collection":[{"href":"https:\/\/viiviselin.fi\/index.php\/wp-json\/wp\/v2\/pages"}],"about":[{"href":"https:\/\/viiviselin.fi\/index.php\/wp-json\/wp\/v2\/types\/page"}],"author":[{"embeddable":true,"href":"https:\/\/viiviselin.fi\/index.php\/wp-json\/wp\/v2\/users\/1"}],"replies":[{"embeddable":true,"href":"https:\/\/viiviselin.fi\/index.php\/wp-json\/wp\/v2\/comments?post=215"}],"version-history":[{"count":5,"href":"https:\/\/viiviselin.fi\/index.php\/wp-json\/wp\/v2\/pages\/215\/revisions"}],"predecessor-version":[{"id":323,"href":"https:\/\/viiviselin.fi\/index.php\/wp-json\/wp\/v2\/pages\/215\/revisions\/323"}],"wp:attachment":[{"href":"https:\/\/viiviselin.fi\/index.php\/wp-json\/wp\/v2\/media?parent=215"}],"curies":[{"name":"wp","href":"https:\/\/api.w.org\/{rel}","templated":true}]}}